{"id":3793,"date":"2026-02-19T23:15:58","date_gmt":"2026-02-19T23:15:58","guid":{"rendered":"https:\/\/nourelkaram.com\/?page_id=3793"},"modified":"2026-03-18T17:01:57","modified_gmt":"2026-03-18T17:01:57","slug":"signaletique-haut-de-gamme-sur-mesure","status":"publish","type":"page","link":"https:\/\/nourelkaram.com\/en\/signaletique-haut-de-gamme-sur-mesure\/","title":{"rendered":"Custom-made high-end signage"},"content":{"rendered":"<p>We design custom-made adhesive signage that fits perfectly into your space, helping to organize your business and provide your customers with clear and stylish information.<\/p>\n\n\n\n<p>Crafted from high-quality, durable materials such as PVC, plexiglass, aluminum, and premium-grade adhesive, our designs combine aesthetics, functionality, and professional-grade quality.<\/p>\n\n\n\n<p>Our solutions meet every need:<br>\u2013 Directional signage<br>\u2013 Informational signage<br>\u2013 Educational signage<br>\u2013 Advertising signage<\/p>\n\n\n\n<p>Each project is designed to blend seamlessly into your surroundings while enhancing your brand image through a refined, modern, and striking aesthetic.<\/p>","protected":false},"excerpt":{"rendered":"<p>Nous concevons des supports de signal\u00e9tique coll\u00e9s et parfaitement adapt\u00e9s \u00e0 votre espace, afin de structurer votre commerce et d\u2019offrir \u00e0 votre client\u00e8le une information claire et \u00e9l\u00e9gante. R\u00e9alis\u00e9es avec des mat\u00e9riaux nobles et durables tels que le PVC, le plexiglas, l\u2019aluminium ou l\u2019adh\u00e9sif haut de gamme, nos cr\u00e9ations allient esth\u00e9tique, fonctionnalit\u00e9 et qualit\u00e9 professionnelle&#8230;.<\/p>","protected":false},"author":2,"featured_media":0,"parent":0,"menu_order":0,"comment_status":"closed","ping_status":"closed","template":"","meta":{"_kadence_starter_templates_imported_post":false,"_kad_post_transparent":"","_kad_post_title":"","_kad_post_layout":"","_kad_post_sidebar_id":"","_kad_post_content_style":"","_kad_post_vertical_padding":"","_kad_post_feature":"","_kad_post_feature_position":"","_kad_post_header":false,"_kad_post_footer":false,"_kad_post_classname":"","footnotes":""},"class_list":["post-3793","page","type-page","status-publish","hentry"],"yoast_head":"<!-- This site is optimized with the Yoast SEO plugin v27.3 - https:\/\/yoast.com\/product\/yoast-seo-wordpress\/ -->\n<title>Signal\u00e9tique haut de gamme sur mesure | Nour El Karam<\/title>\n<meta name=\"robots\" content=\"index, follow, max-snippet:-1, max-image-preview:large, max-video-preview:-1\" \/>\n<link rel=\"canonical\" href=\"https:\/\/nourelkaram.com\/en\/signaletique-haut-de-gamme-sur-mesure\/\" \/>\n<meta property=\"og:locale\" content=\"en_GB\" \/>\n<meta property=\"og:type\" content=\"article\" \/>\n<meta property=\"og:title\" content=\"Signal\u00e9tique haut de gamme sur mesure | Nour El Karam\" \/>\n<meta property=\"og:description\" content=\"Nous concevons des supports de signal\u00e9tique coll\u00e9s et parfaitement adapt\u00e9s \u00e0 votre espace, afin de structurer votre commerce et d\u2019offrir \u00e0 votre client\u00e8le une information claire et \u00e9l\u00e9gante. R\u00e9alis\u00e9es avec des mat\u00e9riaux nobles et durables tels que le PVC, le plexiglas, l\u2019aluminium ou l\u2019adh\u00e9sif haut de gamme, nos cr\u00e9ations allient esth\u00e9tique, fonctionnalit\u00e9 et qualit\u00e9 professionnelle....\" \/>\n<meta property=\"og:url\" content=\"https:\/\/nourelkaram.com\/en\/signaletique-haut-de-gamme-sur-mesure\/\" \/>\n<meta property=\"og:site_name\" content=\"Nour El Karam\" \/>\n<meta property=\"article:modified_time\" content=\"2026-03-18T17:01:57+00:00\" \/>\n<meta name=\"twitter:card\" content=\"summary_large_image\" \/>\n<meta name=\"twitter:label1\" content=\"Estimated reading time\" \/>\n\t<meta name=\"twitter:data1\" content=\"1 minute\" \/>\n<script type=\"application\/ld+json\" class=\"yoast-schema-graph\">{\"@context\":\"https:\\\/\\\/schema.org\",\"@graph\":[{\"@type\":\"WebPage\",\"@id\":\"https:\\\/\\\/nourelkaram.com\\\/signaletique-haut-de-gamme-sur-mesure\\\/\",\"url\":\"https:\\\/\\\/nourelkaram.com\\\/signaletique-haut-de-gamme-sur-mesure\\\/\",\"name\":\"Signal\u00e9tique haut de gamme sur mesure | Nour El Karam\",\"isPartOf\":{\"@id\":\"https:\\\/\\\/nourelkaram.com\\\/#website\"},\"datePublished\":\"2026-02-19T23:15:58+00:00\",\"dateModified\":\"2026-03-18T17:01:57+00:00\",\"breadcrumb\":{\"@id\":\"https:\\\/\\\/nourelkaram.com\\\/signaletique-haut-de-gamme-sur-mesure\\\/#breadcrumb\"},\"inLanguage\":\"en-GB\",\"potentialAction\":[{\"@type\":\"ReadAction\",\"target\":[\"https:\\\/\\\/nourelkaram.com\\\/signaletique-haut-de-gamme-sur-mesure\\\/\"]}]},{\"@type\":\"BreadcrumbList\",\"@id\":\"https:\\\/\\\/nourelkaram.com\\\/signaletique-haut-de-gamme-sur-mesure\\\/#breadcrumb\",\"itemListElement\":[{\"@type\":\"ListItem\",\"position\":1,\"name\":\"Home\",\"item\":\"https:\\\/\\\/nourelkaram.com\\\/\"},{\"@type\":\"ListItem\",\"position\":2,\"name\":\"Signal\u00e9tique haut de gamme sur mesure\"}]},{\"@type\":\"WebSite\",\"@id\":\"https:\\\/\\\/nourelkaram.com\\\/#website\",\"url\":\"https:\\\/\\\/nourelkaram.com\\\/\",\"name\":\"Nour El Karam\",\"description\":\"Librairie &amp; Imprimerie\",\"publisher\":{\"@id\":\"https:\\\/\\\/nourelkaram.com\\\/#organization\"},\"potentialAction\":[{\"@type\":\"SearchAction\",\"target\":{\"@type\":\"EntryPoint\",\"urlTemplate\":\"https:\\\/\\\/nourelkaram.com\\\/?s={search_term_string}\"},\"query-input\":{\"@type\":\"PropertyValueSpecification\",\"valueRequired\":true,\"valueName\":\"search_term_string\"}}],\"inLanguage\":\"en-GB\"},{\"@type\":\"Organization\",\"@id\":\"https:\\\/\\\/nourelkaram.com\\\/#organization\",\"name\":\"Nour El Karam\",\"url\":\"https:\\\/\\\/nourelkaram.com\\\/\",\"logo\":{\"@type\":\"ImageObject\",\"inLanguage\":\"en-GB\",\"@id\":\"https:\\\/\\\/nourelkaram.com\\\/#\\\/schema\\\/logo\\\/image\\\/\",\"url\":\"https:\\\/\\\/nourelkaram.com\\\/wp-content\\\/uploads\\\/2026\\\/02\\\/cropped-nk-logo.png\",\"contentUrl\":\"https:\\\/\\\/nourelkaram.com\\\/wp-content\\\/uploads\\\/2026\\\/02\\\/cropped-nk-logo.png\",\"width\":500,\"height\":412,\"caption\":\"Nour El Karam\"},\"image\":{\"@id\":\"https:\\\/\\\/nourelkaram.com\\\/#\\\/schema\\\/logo\\\/image\\\/\"}}]}<\/script>\n<!-- \/ Yoast SEO plugin. -->","yoast_head_json":{"title":"Signal\u00e9tique haut de gamme sur mesure | Nour El Karam","robots":{"index":"index","follow":"follow","max-snippet":"max-snippet:-1","max-image-preview":"max-image-preview:large","max-video-preview":"max-video-preview:-1"},"canonical":"https:\/\/nourelkaram.com\/en\/signaletique-haut-de-gamme-sur-mesure\/","og_locale":"en_GB","og_type":"article","og_title":"Signal\u00e9tique haut de gamme sur mesure | Nour El Karam","og_description":"Nous concevons des supports de signal\u00e9tique coll\u00e9s et parfaitement adapt\u00e9s \u00e0 votre espace, afin de structurer votre commerce et d\u2019offrir \u00e0 votre client\u00e8le une information claire et \u00e9l\u00e9gante. R\u00e9alis\u00e9es avec des mat\u00e9riaux nobles et durables tels que le PVC, le plexiglas, l\u2019aluminium ou l\u2019adh\u00e9sif haut de gamme, nos cr\u00e9ations allient esth\u00e9tique, fonctionnalit\u00e9 et qualit\u00e9 professionnelle....","og_url":"https:\/\/nourelkaram.com\/en\/signaletique-haut-de-gamme-sur-mesure\/","og_site_name":"Nour El Karam","article_modified_time":"2026-03-18T17:01:57+00:00","twitter_card":"summary_large_image","twitter_misc":{"Estimated reading time":"1 minute"},"schema":{"@context":"https:\/\/schema.org","@graph":[{"@type":"WebPage","@id":"https:\/\/nourelkaram.com\/signaletique-haut-de-gamme-sur-mesure\/","url":"https:\/\/nourelkaram.com\/signaletique-haut-de-gamme-sur-mesure\/","name":"Signal\u00e9tique haut de gamme sur mesure | Nour El Karam","isPartOf":{"@id":"https:\/\/nourelkaram.com\/#website"},"datePublished":"2026-02-19T23:15:58+00:00","dateModified":"2026-03-18T17:01:57+00:00","breadcrumb":{"@id":"https:\/\/nourelkaram.com\/signaletique-haut-de-gamme-sur-mesure\/#breadcrumb"},"inLanguage":"en-GB","potentialAction":[{"@type":"ReadAction","target":["https:\/\/nourelkaram.com\/signaletique-haut-de-gamme-sur-mesure\/"]}]},{"@type":"BreadcrumbList","@id":"https:\/\/nourelkaram.com\/signaletique-haut-de-gamme-sur-mesure\/#breadcrumb","itemListElement":[{"@type":"ListItem","position":1,"name":"Home","item":"https:\/\/nourelkaram.com\/"},{"@type":"ListItem","position":2,"name":"Signal\u00e9tique haut de gamme sur mesure"}]},{"@type":"WebSite","@id":"https:\/\/nourelkaram.com\/#website","url":"https:\/\/nourelkaram.com\/","name":"Nour El Karam","description":"Librairie &amp; Imprimerie","publisher":{"@id":"https:\/\/nourelkaram.com\/#organization"},"potentialAction":[{"@type":"SearchAction","target":{"@type":"EntryPoint","urlTemplate":"https:\/\/nourelkaram.com\/?s={search_term_string}"},"query-input":{"@type":"PropertyValueSpecification","valueRequired":true,"valueName":"search_term_string"}}],"inLanguage":"en-GB"},{"@type":"Organization","@id":"https:\/\/nourelkaram.com\/#organization","name":"Nour El Karam","url":"https:\/\/nourelkaram.com\/","logo":{"@type":"ImageObject","inLanguage":"en-GB","@id":"https:\/\/nourelkaram.com\/#\/schema\/logo\/image\/","url":"https:\/\/nourelkaram.com\/wp-content\/uploads\/2026\/02\/cropped-nk-logo.png","contentUrl":"https:\/\/nourelkaram.com\/wp-content\/uploads\/2026\/02\/cropped-nk-logo.png","width":500,"height":412,"caption":"Nour El Karam"},"image":{"@id":"https:\/\/nourelkaram.com\/#\/schema\/logo\/image\/"}}]}},"jetpack_sharing_enabled":true,"_links":{"self":[{"href":"https:\/\/nourelkaram.com\/en\/wp-json\/wp\/v2\/pages\/3793","targetHints":{"allow":["GET"]}}],"collection":[{"href":"https:\/\/nourelkaram.com\/en\/wp-json\/wp\/v2\/pages"}],"about":[{"href":"https:\/\/nourelkaram.com\/en\/wp-json\/wp\/v2\/types\/page"}],"author":[{"embeddable":true,"href":"https:\/\/nourelkaram.com\/en\/wp-json\/wp\/v2\/users\/2"}],"replies":[{"embeddable":true,"href":"https:\/\/nourelkaram.com\/en\/wp-json\/wp\/v2\/comments?post=3793"}],"version-history":[{"count":2,"href":"https:\/\/nourelkaram.com\/en\/wp-json\/wp\/v2\/pages\/3793\/revisions"}],"predecessor-version":[{"id":3807,"href":"https:\/\/nourelkaram.com\/en\/wp-json\/wp\/v2\/pages\/3793\/revisions\/3807"}],"wp:attachment":[{"href":"https:\/\/nourelkaram.com\/en\/wp-json\/wp\/v2\/media?parent=3793"}],"curies":[{"name":"wp","href":"https:\/\/api.w.org\/{rel}","templated":true}]}}