{"id":3785,"date":"2026-02-19T21:49:39","date_gmt":"2026-02-19T21:49:39","guid":{"rendered":"https:\/\/nourelkaram.com\/?page_id=3785"},"modified":"2026-03-18T16:49:34","modified_gmt":"2026-03-18T16:49:34","slug":"baches-stores","status":"publish","type":"page","link":"https:\/\/nourelkaram.com\/en\/baches-stores\/","title":{"rendered":"Tarps &amp; Awnings"},"content":{"rendered":"<h3 class=\"wp-block-heading\">Tarps &amp; Awnings<\/h3>\n\n\n\n<p>Canvas Printing &amp; Decorating \u2013 Professional Quality<\/p>\n\n\n\n<p>We offer direct printing on coated PVC fabric and micro-perforated fabric, suitable for both outdoor and indoor use.<br>Our media offer excellent weather resistance and long-lasting image quality.<\/p>\n\n\n\n<p>Each canvas is custom-made and available in a variety of finishes:<br>\u2714 Hemming<br>\u2714 Eyelets<br>\u2714 Welds<br>\u2714 Sleeves<\/p>\n\n\n\n<p>We also handle installation and tensioning:<br> Frame mounting with bungee cords<br> Tension on an aluminum profile<\/p>\n\n\n\n<p>For a unique and artistic look, we also create hand-painted text and designs on acrylic canvas, combining printing with artistic creation.<\/p>\n\n\n\n<p> The perfect solution for your signs, booths, events, storefronts, and high-end advertising materials.<\/p>","protected":false},"excerpt":{"rendered":"<p>B\u00e2ches &amp; Stores Impression &amp; D\u00e9coration sur Toile \u2013 Qualit\u00e9 Professionnelle Nous proposons l\u2019impression directe sur toile PVC enduite et sur toile micro-perfor\u00e9e, adapt\u00e9es aussi bien \u00e0 l\u2019ext\u00e9rieur qu\u2019\u00e0 l\u2019int\u00e9rieur.Nos supports garantissent une excellente r\u00e9sistance aux intemp\u00e9ries et une qualit\u00e9 d\u2019image durable. Chaque toile est r\u00e9alis\u00e9e sur mesure, avec diff\u00e9rentes finitions possibles :\u2714 Ourlets\u2714 \u0152illets\u2714&#8230;<\/p>","protected":false},"author":2,"featured_media":0,"parent":0,"menu_order":0,"comment_status":"closed","ping_status":"closed","template":"","meta":{"_kadence_starter_templates_imported_post":false,"_kad_post_transparent":"","_kad_post_title":"","_kad_post_layout":"","_kad_post_sidebar_id":"","_kad_post_content_style":"","_kad_post_vertical_padding":"","_kad_post_feature":"","_kad_post_feature_position":"","_kad_post_header":false,"_kad_post_footer":false,"_kad_post_classname":"","footnotes":""},"class_list":["post-3785","page","type-page","status-publish","hentry"],"yoast_head":"<!-- This site is optimized with the Yoast SEO plugin v27.3 - https:\/\/yoast.com\/product\/yoast-seo-wordpress\/ -->\n<title>B\u00e2ches &amp; Stores | Nour El Karam<\/title>\n<meta name=\"robots\" content=\"index, follow, max-snippet:-1, max-image-preview:large, max-video-preview:-1\" \/>\n<link rel=\"canonical\" href=\"https:\/\/nourelkaram.com\/en\/baches-stores\/\" \/>\n<meta property=\"og:locale\" content=\"en_GB\" \/>\n<meta property=\"og:type\" content=\"article\" \/>\n<meta property=\"og:title\" content=\"B\u00e2ches &amp; Stores | Nour El Karam\" \/>\n<meta property=\"og:description\" content=\"B\u00e2ches &amp; Stores Impression &amp; D\u00e9coration sur Toile \u2013 Qualit\u00e9 Professionnelle Nous proposons l\u2019impression directe sur toile PVC enduite et sur toile micro-perfor\u00e9e, adapt\u00e9es aussi bien \u00e0 l\u2019ext\u00e9rieur qu\u2019\u00e0 l\u2019int\u00e9rieur.Nos supports garantissent une excellente r\u00e9sistance aux intemp\u00e9ries et une qualit\u00e9 d\u2019image durable. Chaque toile est r\u00e9alis\u00e9e sur mesure, avec diff\u00e9rentes finitions possibles :\u2714 Ourlets\u2714 \u0152illets\u2714...\" \/>\n<meta property=\"og:url\" content=\"https:\/\/nourelkaram.com\/en\/baches-stores\/\" \/>\n<meta property=\"og:site_name\" content=\"Nour El Karam\" \/>\n<meta property=\"article:modified_time\" content=\"2026-03-18T16:49:34+00:00\" \/>\n<meta name=\"twitter:card\" content=\"summary_large_image\" \/>\n<meta name=\"twitter:label1\" content=\"Estimated reading time\" \/>\n\t<meta name=\"twitter:data1\" content=\"1 minute\" \/>\n<script type=\"application\/ld+json\" class=\"yoast-schema-graph\">{\"@context\":\"https:\\\/\\\/schema.org\",\"@graph\":[{\"@type\":\"WebPage\",\"@id\":\"https:\\\/\\\/nourelkaram.com\\\/baches-stores\\\/\",\"url\":\"https:\\\/\\\/nourelkaram.com\\\/baches-stores\\\/\",\"name\":\"B\u00e2ches &amp; Stores | Nour El Karam\",\"isPartOf\":{\"@id\":\"https:\\\/\\\/nourelkaram.com\\\/#website\"},\"datePublished\":\"2026-02-19T21:49:39+00:00\",\"dateModified\":\"2026-03-18T16:49:34+00:00\",\"breadcrumb\":{\"@id\":\"https:\\\/\\\/nourelkaram.com\\\/baches-stores\\\/#breadcrumb\"},\"inLanguage\":\"en-GB\",\"potentialAction\":[{\"@type\":\"ReadAction\",\"target\":[\"https:\\\/\\\/nourelkaram.com\\\/baches-stores\\\/\"]}]},{\"@type\":\"BreadcrumbList\",\"@id\":\"https:\\\/\\\/nourelkaram.com\\\/baches-stores\\\/#breadcrumb\",\"itemListElement\":[{\"@type\":\"ListItem\",\"position\":1,\"name\":\"Home\",\"item\":\"https:\\\/\\\/nourelkaram.com\\\/\"},{\"@type\":\"ListItem\",\"position\":2,\"name\":\"B\u00e2ches &amp; Stores\"}]},{\"@type\":\"WebSite\",\"@id\":\"https:\\\/\\\/nourelkaram.com\\\/#website\",\"url\":\"https:\\\/\\\/nourelkaram.com\\\/\",\"name\":\"Nour El Karam\",\"description\":\"Librairie &amp; Imprimerie\",\"publisher\":{\"@id\":\"https:\\\/\\\/nourelkaram.com\\\/#organization\"},\"potentialAction\":[{\"@type\":\"SearchAction\",\"target\":{\"@type\":\"EntryPoint\",\"urlTemplate\":\"https:\\\/\\\/nourelkaram.com\\\/?s={search_term_string}\"},\"query-input\":{\"@type\":\"PropertyValueSpecification\",\"valueRequired\":true,\"valueName\":\"search_term_string\"}}],\"inLanguage\":\"en-GB\"},{\"@type\":\"Organization\",\"@id\":\"https:\\\/\\\/nourelkaram.com\\\/#organization\",\"name\":\"Nour El Karam\",\"url\":\"https:\\\/\\\/nourelkaram.com\\\/\",\"logo\":{\"@type\":\"ImageObject\",\"inLanguage\":\"en-GB\",\"@id\":\"https:\\\/\\\/nourelkaram.com\\\/#\\\/schema\\\/logo\\\/image\\\/\",\"url\":\"https:\\\/\\\/nourelkaram.com\\\/wp-content\\\/uploads\\\/2026\\\/02\\\/cropped-nk-logo.png\",\"contentUrl\":\"https:\\\/\\\/nourelkaram.com\\\/wp-content\\\/uploads\\\/2026\\\/02\\\/cropped-nk-logo.png\",\"width\":500,\"height\":412,\"caption\":\"Nour El Karam\"},\"image\":{\"@id\":\"https:\\\/\\\/nourelkaram.com\\\/#\\\/schema\\\/logo\\\/image\\\/\"}}]}<\/script>\n<!-- \/ Yoast SEO plugin. -->","yoast_head_json":{"title":"B\u00e2ches &amp; Stores | Nour El Karam","robots":{"index":"index","follow":"follow","max-snippet":"max-snippet:-1","max-image-preview":"max-image-preview:large","max-video-preview":"max-video-preview:-1"},"canonical":"https:\/\/nourelkaram.com\/en\/baches-stores\/","og_locale":"en_GB","og_type":"article","og_title":"B\u00e2ches &amp; Stores | Nour El Karam","og_description":"B\u00e2ches &amp; Stores Impression &amp; D\u00e9coration sur Toile \u2013 Qualit\u00e9 Professionnelle Nous proposons l\u2019impression directe sur toile PVC enduite et sur toile micro-perfor\u00e9e, adapt\u00e9es aussi bien \u00e0 l\u2019ext\u00e9rieur qu\u2019\u00e0 l\u2019int\u00e9rieur.Nos supports garantissent une excellente r\u00e9sistance aux intemp\u00e9ries et une qualit\u00e9 d\u2019image durable. Chaque toile est r\u00e9alis\u00e9e sur mesure, avec diff\u00e9rentes finitions possibles :\u2714 Ourlets\u2714 \u0152illets\u2714...","og_url":"https:\/\/nourelkaram.com\/en\/baches-stores\/","og_site_name":"Nour El Karam","article_modified_time":"2026-03-18T16:49:34+00:00","twitter_card":"summary_large_image","twitter_misc":{"Estimated reading time":"1 minute"},"schema":{"@context":"https:\/\/schema.org","@graph":[{"@type":"WebPage","@id":"https:\/\/nourelkaram.com\/baches-stores\/","url":"https:\/\/nourelkaram.com\/baches-stores\/","name":"B\u00e2ches &amp; Stores | Nour El Karam","isPartOf":{"@id":"https:\/\/nourelkaram.com\/#website"},"datePublished":"2026-02-19T21:49:39+00:00","dateModified":"2026-03-18T16:49:34+00:00","breadcrumb":{"@id":"https:\/\/nourelkaram.com\/baches-stores\/#breadcrumb"},"inLanguage":"en-GB","potentialAction":[{"@type":"ReadAction","target":["https:\/\/nourelkaram.com\/baches-stores\/"]}]},{"@type":"BreadcrumbList","@id":"https:\/\/nourelkaram.com\/baches-stores\/#breadcrumb","itemListElement":[{"@type":"ListItem","position":1,"name":"Home","item":"https:\/\/nourelkaram.com\/"},{"@type":"ListItem","position":2,"name":"B\u00e2ches &amp; Stores"}]},{"@type":"WebSite","@id":"https:\/\/nourelkaram.com\/#website","url":"https:\/\/nourelkaram.com\/","name":"Nour El Karam","description":"Librairie &amp; Imprimerie","publisher":{"@id":"https:\/\/nourelkaram.com\/#organization"},"potentialAction":[{"@type":"SearchAction","target":{"@type":"EntryPoint","urlTemplate":"https:\/\/nourelkaram.com\/?s={search_term_string}"},"query-input":{"@type":"PropertyValueSpecification","valueRequired":true,"valueName":"search_term_string"}}],"inLanguage":"en-GB"},{"@type":"Organization","@id":"https:\/\/nourelkaram.com\/#organization","name":"Nour El Karam","url":"https:\/\/nourelkaram.com\/","logo":{"@type":"ImageObject","inLanguage":"en-GB","@id":"https:\/\/nourelkaram.com\/#\/schema\/logo\/image\/","url":"https:\/\/nourelkaram.com\/wp-content\/uploads\/2026\/02\/cropped-nk-logo.png","contentUrl":"https:\/\/nourelkaram.com\/wp-content\/uploads\/2026\/02\/cropped-nk-logo.png","width":500,"height":412,"caption":"Nour El Karam"},"image":{"@id":"https:\/\/nourelkaram.com\/#\/schema\/logo\/image\/"}}]}},"jetpack_sharing_enabled":true,"_links":{"self":[{"href":"https:\/\/nourelkaram.com\/en\/wp-json\/wp\/v2\/pages\/3785","targetHints":{"allow":["GET"]}}],"collection":[{"href":"https:\/\/nourelkaram.com\/en\/wp-json\/wp\/v2\/pages"}],"about":[{"href":"https:\/\/nourelkaram.com\/en\/wp-json\/wp\/v2\/types\/page"}],"author":[{"embeddable":true,"href":"https:\/\/nourelkaram.com\/en\/wp-json\/wp\/v2\/users\/2"}],"replies":[{"embeddable":true,"href":"https:\/\/nourelkaram.com\/en\/wp-json\/wp\/v2\/comments?post=3785"}],"version-history":[{"count":4,"href":"https:\/\/nourelkaram.com\/en\/wp-json\/wp\/v2\/pages\/3785\/revisions"}],"predecessor-version":[{"id":3806,"href":"https:\/\/nourelkaram.com\/en\/wp-json\/wp\/v2\/pages\/3785\/revisions\/3806"}],"wp:attachment":[{"href":"https:\/\/nourelkaram.com\/en\/wp-json\/wp\/v2\/media?parent=3785"}],"curies":[{"name":"wp","href":"https:\/\/api.w.org\/{rel}","templated":true}]}}